{"id":49379,"date":"2024-04-05T06:34:17","date_gmt":"2024-04-05T06:34:17","guid":{"rendered":"https:\/\/bilblouse.com\/?post_type=product&#038;p=49379"},"modified":"2024-08-29T14:39:40","modified_gmt":"2024-08-29T14:39:40","slug":"pyjama-motif-14","status":"publish","type":"product","link":"https:\/\/bilblouse.com\/index.php\/product\/pyjama-motif-14\/","title":{"rendered":"Pyjama motif enfants unisex"},"content":{"rendered":"<table>\n<tbody>\n<tr>\n<th>Caract\u00e9ristique<\/th>\n<th>Description<\/th>\n<\/tr>\n<tr>\n<td>Mat\u00e9riau<\/td>\n<td>Polycoton<\/td>\n<\/tr>\n<tr>\n<td>Style<\/td>\n<td>Pyjama m\u00e9dical avec col en V<\/td>\n<\/tr>\n<tr>\n<td>Confort<\/td>\n<td>Confortable<\/td>\n<\/tr>\n<tr>\n<td>R\u00e9sistance<\/td>\n<td>R\u00e9sistant<\/td>\n<\/tr>\n<tr>\n<td>Traitement anti-t\u00e2che<\/td>\n<td>Oui<\/td>\n<\/tr>\n<tr>\n<td>Coupe<\/td>\n<td>Droite<\/td>\n<\/tr>\n<tr>\n<td>Poches<\/td>\n<td>3 poches<\/td>\n<\/tr>\n<tr>\n<td>Tailles disponibles<\/td>\n<td>S, M, L, XL, XXL<\/td>\n<\/tr>\n<tr>\n<td>Public cible<\/td>\n<td>Professionnels de sant\u00e9<\/td>\n<\/tr>\n<tr>\n<td>Utilisation recommand\u00e9e<\/td>\n<td>Id\u00e9al pour les professionnels de sant\u00e9<\/td>\n<\/tr>\n<\/tbody>\n<\/table>\n","protected":false},"excerpt":{"rendered":"<p>Caract\u00e9ristique Description Mat\u00e9riau Polycoton Style Pyjama m\u00e9dical avec col en V Confort Confortable R\u00e9sistance R\u00e9sistant Traitement anti-t\u00e2che Oui Coupe Droite Poches 3 poches Tailles disponibles S, M, L, XL, XXL Public cible Professionnels de sant\u00e9 Utilisation recommand\u00e9e Id\u00e9al pour les professionnels de sant\u00e9<\/p>\n","protected":false},"featured_media":49287,"comment_status":"open","ping_status":"closed","template":"","meta":[],"product_cat":[182,145,144,141,181],"product_tag":[],"jetpack_sharing_enabled":true,"_links":{"self":[{"href":"https:\/\/bilblouse.com\/index.php\/wp-json\/wp\/v2\/product\/49379"}],"collection":[{"href":"https:\/\/bilblouse.com\/index.php\/wp-json\/wp\/v2\/product"}],"about":[{"href":"https:\/\/bilblouse.com\/index.php\/wp-json\/wp\/v2\/types\/product"}],"replies":[{"embeddable":true,"href":"https:\/\/bilblouse.com\/index.php\/wp-json\/wp\/v2\/comments?post=49379"}],"wp:featuredmedia":[{"embeddable":true,"href":"https:\/\/bilblouse.com\/index.php\/wp-json\/wp\/v2\/media\/49287"}],"wp:attachment":[{"href":"https:\/\/bilblouse.com\/index.php\/wp-json\/wp\/v2\/media?parent=49379"}],"wp:term":[{"taxonomy":"product_cat","embeddable":true,"href":"https:\/\/bilblouse.com\/index.php\/wp-json\/wp\/v2\/product_cat?post=49379"},{"taxonomy":"product_tag","embeddable":true,"href":"https:\/\/bilblouse.com\/index.php\/wp-json\/wp\/v2\/product_tag?post=49379"}],"curies":[{"name":"wp","href":"https:\/\/api.w.org\/{rel}","templated":true}]}}